{"id":29,"date":"2012-05-09T04:27:47","date_gmt":"2012-05-09T04:27:47","guid":{"rendered":"http:\/\/www.asv-forelle.de\/?page_id=29"},"modified":"2019-01-13T15:56:27","modified_gmt":"2019-01-13T15:56:27","slug":"impressum","status":"publish","type":"page","link":"https:\/\/asv-forelle.de\/?page_id=29","title":{"rendered":"Impressum und Datenschutz"},"content":{"rendered":"<h1>Impressum<\/h1>\n<h1>Angaben gem\u00e4\u00df \u00a7 5 TMG<\/h1>\n<h2>Anbieter<\/h2>\n<p>ASV-Forelle; Angel- und Umweltschutzverein e.V. Kirn-Sulzbach<\/p>\n<p>Der ASV-Forelle wurde vom Amtsgericht Bad Kreuznach unter der Nummer VR 740\u00a0 am 17.04.2012 im Vereinsregister eingetragen.<\/p>\n<p><strong>Vertretungsberechtigter:<\/strong><\/p>\n<p>Vorsitzender: Hans-Peter Ballat<\/p>\n<p>Stellvertretender Vorsitzender: Michael Schmitt<\/p>\n<p>1. Kassierer: Christian Horbach<\/p>\n<p>1. Schriftf\u00fchrer: Thomas Wickrath<\/p>\n<p><strong>Anschrift:<\/strong><\/p>\n<p>ASV-Forelle<br \/>\nIn der Dorfbach 14<br \/>\n55606 Kirnsulzbach<\/p>\n<p>e-mail: kontakt(at)asv-forelle.de<\/p>\n<p>Telefon (06752) 4573<\/p>\n<p><strong>Redaktion:<\/strong><\/p>\n<p>Verantwortlich f\u00fcr den redaktionellen Inhalt:<br \/>\nOliver Jung<\/p>\n<p>Email: kontakt(at)asv-forelle.de<\/p>\n<p><strong>Hinweise zum Urheberrecht:<\/strong><\/p>\n<p>Der ASV-Forelle ist bem\u00fcht, in allen Publikationen die Urheberrechte der verwendeten Texte oder Grafiken zu beachten, von ihm selbst erstellte Texte oder Grafiken zu nutzen oder auf lizenzfreies Material zur\u00fcckzugreifen.<br \/>\nS\u00e4mtlicher Inhalt der Web-Seiten des ASV-Forelle ist urheberrechtlich gesch\u00fctzt. Vervielf\u00e4ltigungen und sonstige Verwertungen von Informationen oder Daten, insbesondere die Verwendung von Texten, Textteilen oder Bildmaterial, bed\u00fcrfen, soweit nicht anders vermerkt, der vorherigen Zustimmung des Urhebers. Alle im Web-Angebot des ASV-Forelle genannten und gegebenenfalls durch Dritte gesch\u00fctzte Marken- und Warenzeichen unterliegen im \u00dcbrigen uneingeschr\u00e4nkt den Bestimmungen des jeweils g\u00fcltigen Kennzeichenrechts. Die Nutzung s\u00e4mtlicher Informationen oder Daten und das sonstige mit den Daten zusammenh\u00e4ngende Tun, Dulden oder Unterlassen unterliegt ausschlie\u00dflich deutschem Recht.<\/p>\n<p><strong>Haftungsausschluss:<\/strong><\/p>\n<p>Auf den Internetseiten des ASV-Forelle finden Sie die Darstellung des Verbandes und seiner Bereiches sowie entsprechende Kontaktfunktionen. Das Internetangebot enth\u00e4lt \u00fcberwiegend allgemeine Informationen \u00fcber Aufgaben und T\u00e4tigkeiten des ASV-Forelle. Die auf dieser Homepage ver\u00f6ffentlichten Inhalte sind sorgf\u00e4ltig recherchiert und werden regelm\u00e4\u00dfig \u00fcberpr\u00fcft. Dennoch kann der Herausgeber keine Gew\u00e4hr f\u00fcr die Aktualit\u00e4t, Richtigkeit, Vollst\u00e4ndigkeit, Qualit\u00e4t oder jederzeitige Verf\u00fcgbarkeit der bereitgestellten Informationen \u00fcbernehmen. Der ASV-Forelle haftet nicht f\u00fcr Sch\u00e4den, die durch Nutzung oder Nichtnutzung angebotener Informationen entstehen. F\u00fcr etwaige Sch\u00e4den, die beim Aufrufen oder Herunterladen von Daten durch Computerviren oder bei der Installation oder Nutzung von Software verursacht werden, wird nicht gehaftet, es sei denn, der Schaden wurde vors\u00e4tzlich oder grob fahrl\u00e4ssig durch Angeh\u00f6rige des ASV-Forelle verursacht. Das Web-Angebot des ASV-Forelle enth\u00e4lt Links (Weiterleitungen) zu anderen Internetangeboten. Externe Links zu Internetangeboten dritter Informationsanbieter, sind als solche dadurch gekennzeichnet, dass beim \u00dcberfahren des Links mit der Maus ein Quick-Info mit der Ziel-URL erscheint. Der ASV-Forelle\u00a0 ist f\u00fcr den Inhalt von Web-Seiten, die mittels einer solchen Verbindung erreicht werden, nicht verantwortlich. Die auf den gelinkten Seiten wiedergegebenen Meinungs\u00e4u\u00dferungen und\/oder Tatsachenbehauptungen liegen in der alleinigen Verantwortung der jeweiligen Autorin oder des jeweiligen Autors und spiegeln nicht die Meinung des ASV-Forelle wider.<\/p>\n<p><strong>Erkl\u00e4rung zum Datenschutz:<\/strong><\/p>\n<p>Sehr geehrter Nutzer, sehr geehrte Nutzerin unserer Home Page<\/p>\n<p>Da uns der Schutz Ihrer Privatsph\u00e4re sehr wichtig ist, haben wir unser Internet-Angebot so gestaltet, dass dessen Nutzung soweit wie m\u00f6glich anonym erfolgen kann. Folgende Nutzungsdaten werden (automatisch) erhoben:<\/p>\n<ul>\n<li>die angefragte URL (http:\/\/www&#8230;)<\/li>\n<li>Zeitpunkt des Zugriffs<\/li>\n<li>Antwortzeit seitens des Servers<\/li>\n<li>die IP-Adresse des Clients<\/li>\n<li>die Anzahl der \u00fcbertragenen Byte<\/li>\n<li>die Abfrage-Methode (get\/put\/post)<\/li>\n<li>der Contenttyp des angeforderten Objekts (&#8222;MIME&#8220;,Grafik, Text, und so weiter)<\/li>\n<\/ul>\n<p>Die oben genannten Daten werden von uns ausschlie\u00dflich zu statistischen Zwecken ausgewertet. Die Auswertung der Daten erfolgt in anonymer Form, d.h., personenbezogene Nutzerprofile werden hierdurch nicht erzeugt. Die o.a. Nutzungsdaten werden im Zyklus von 99 Generationen (zirka 99 Tage) gel\u00f6scht.<br \/>\nUm Ihnen die Nutzung einzelner Services zu erm\u00f6glichen, kann es erforderlich sein, dass wir Sie um die Angabe personenbezogener Daten bitten. Hierbei handelt es sich in der Regel um Ihren Namen und Ihre Adresse sowie Ihre E-Mail-Adresse, in einigen F\u00e4llen auch um weitere Angaben, die wir f\u00fcr die Bearbeitung des konkreten Verwaltungsvorgangs ben\u00f6tigen. Soweit solche personenbezogenen Daten auf unseren Web-Seiten bzw. in den jeweiligen Formular-Feldern erhoben werden, bleibt es Ihnen \u00fcberlassen, ob Sie unseren Service nutzen m\u00f6chten, die Angabe der Daten erfolgt freiwillig. In jedem Fall erfolgt die Erhebung und Verarbeitung dieser Daten aber ausschlie\u00dflich zum Zweck der Bearbeitung des konkreten Verwaltungsvorgangs. Eine Weitergabe oder \u00dcbermittlung an Dritte oder zu sonstigen Zwecken, etwa Werbung oder Marktforschung, erfolgt nicht.<\/p>\n","protected":false},"excerpt":{"rendered":"<p>Impressum Angaben gem\u00e4\u00df \u00a7 5 TMG Anbieter ASV-Forelle; Angel- und Umweltschutzverein e.V. Kirn-Sulzbach Der ASV-Forelle wurde vom Amtsgericht Bad Kreuznach unter der Nummer VR 740\u00a0 am 17.04.2012 im Vereinsregister eingetragen. Vertretungsberechtigter: Vorsitzender: Hans-Peter Ballat Stellvertretender Vorsitzender: Michael Schmitt 1. Kassierer: &hellip; <a href=\"https:\/\/asv-forelle.de\/?page_id=29\">Weiterlesen <span class=\"meta-nav\">&rarr;<\/span><\/a><\/p>\n","protected":false},"author":1,"featured_media":0,"parent":0,"menu_order":1,"comment_status":"closed","ping_status":"closed","template":"","meta":{"footnotes":""},"class_list":["post-29","page","type-page","status-publish","hentry"],"_links":{"self":[{"href":"https:\/\/asv-forelle.de\/index.php?rest_route=\/wp\/v2\/pages\/29","targetHints":{"allow":["GET"]}}],"collection":[{"href":"https:\/\/asv-forelle.de\/index.php?rest_route=\/wp\/v2\/pages"}],"about":[{"href":"https:\/\/asv-forelle.de\/index.php?rest_route=\/wp\/v2\/types\/page"}],"author":[{"embeddable":true,"href":"https:\/\/asv-forelle.de\/index.php?rest_route=\/wp\/v2\/users\/1"}],"replies":[{"embeddable":true,"href":"https:\/\/asv-forelle.de\/index.php?rest_route=%2Fwp%2Fv2%2Fcomments&post=29"}],"version-history":[{"count":3,"href":"https:\/\/asv-forelle.de\/index.php?rest_route=\/wp\/v2\/pages\/29\/revisions"}],"predecessor-version":[{"id":311,"href":"https:\/\/asv-forelle.de\/index.php?rest_route=\/wp\/v2\/pages\/29\/revisions\/311"}],"wp:attachment":[{"href":"https:\/\/asv-forelle.de\/index.php?rest_route=%2Fwp%2Fv2%2Fmedia&parent=29"}],"curies":[{"name":"wp","href":"https:\/\/api.w.org\/{rel}","templated":true}]}}